{"id":4033,"date":"2013-05-17T16:05:39","date_gmt":"2013-05-17T15:05:39","guid":{"rendered":"http:\/\/fotoklub-cakovec.hr\/wp\/?page_id=4033"},"modified":"2017-02-11T16:23:50","modified_gmt":"2017-02-11T15:23:50","slug":"lica-davor-zerjav","status":"publish","type":"page","link":"https:\/\/fotoklub-cakovec.hr\/wp\/projekti\/lica-davor-zerjav","title":{"rendered":"LICA &#8211; Davor \u017derjav"},"content":{"rendered":"<h3 align=\"center\"><!--START SIMPLEVIEWER EMBED-->\n<script type=\"text\/javascript\">\n\tvar flashvars3 = {};\n\tflashvars3.galleryURL = \"https:\/\/fotoklub-cakovec.hr\/wp\/wp-content\/plugins\/wp-simpleviewer\/config.php?gallery_id=3\";\n\tsimpleviewer.ready(function() {\n\t\tsimpleviewer.load(\"sv-container-3\", \"620px\", \"520px\", \"777777\", true, flashvars3);\n\t});\n<\/script>\n<div id=\"sv-container-3\"><\/div>\n<!--END SIMPLEVIEWER EMBED-->\n<\/h3>\n<p><code>\u00a0<\/code><\/p>\n<h3 align=\"center\"><iframe src=\"\/\/player.vimeo.com\/video\/79205663\" width=\"620\" height=\"413\" frameborder=\"0\" allowfullscreen=\"allowfullscreen\"><\/iframe><\/h3>\n<p><code><\/code> <a href=\"http:\/\/vimeo.com\/79205663\">Davor \u017derjav Lica &#8211; making of<\/a> from <a href=\"http:\/\/vimeo.com\/user17988671\">pixino<\/a> on <a href=\"https:\/\/vimeo.com\">Vimeo<\/a>.<\/p>\n<p><span style=\"color: #ffffff;\">_<\/span><\/p>\n<p><span style=\"color: #ffffff;\"><a href=\"http:\/\/fotoklub-cakovec.hr\/wp\/wp-content\/uploads\/2013\/05\/lica_prijave_za_snimanje_2015_03.jpg\"><img fetchpriority=\"high\" decoding=\"async\" class=\"alignnone size-large wp-image-5846 colorbox-4033\" src=\"http:\/\/fotoklub-cakovec.hr\/wp\/wp-content\/uploads\/2013\/05\/lica_prijave_za_snimanje_2015_03-1024x681.jpg\" alt=\"lica_prijave_za_snimanje_2015_03\" width=\"1024\" height=\"681\" srcset=\"https:\/\/fotoklub-cakovec.hr\/wp\/wp-content\/uploads\/2013\/05\/lica_prijave_za_snimanje_2015_03-1024x681.jpg 1024w, https:\/\/fotoklub-cakovec.hr\/wp\/wp-content\/uploads\/2013\/05\/lica_prijave_za_snimanje_2015_03-300x200.jpg 300w, https:\/\/fotoklub-cakovec.hr\/wp\/wp-content\/uploads\/2013\/05\/lica_prijave_za_snimanje_2015_03-737x490.jpg 737w, https:\/\/fotoklub-cakovec.hr\/wp\/wp-content\/uploads\/2013\/05\/lica_prijave_za_snimanje_2015_03-368x245.jpg 368w, https:\/\/fotoklub-cakovec.hr\/wp\/wp-content\/uploads\/2013\/05\/lica_prijave_za_snimanje_2015_03.jpg 1936w\" sizes=\"(max-width: 1024px) 100vw, 1024px\" \/><\/a><a href=\"http:\/\/fotoklub-cakovec.hr\/wp\/wp-content\/uploads\/2013\/05\/lica_prijave_za_snimanje_2014_04.jpg\"><br \/>\n<\/a><\/span><\/p>\n<p><span style=\"color: #ff6600;\"><b>Fotografski projekt: LICA<\/b><\/span><\/p>\n<p><span style=\"color: #808080;\">Prvi termin fotografiranja: subota, 25. svibnja 2013., od 9 do 13 h u TICM-u<\/span><\/p>\n<p><span style=\"color: #808080;\">Drugi termin fotografiranja: srijeda, 10. srpnja 2013., od 19 do 23 h u SOHO baru (Ljeto u gradu Zrinskih)<\/span><\/p>\n<p><span style=\"color: #808080;\">Tre\u0107i termin fotografiranja: petak, 20. rujna 2013., od 16 do 20 h u TICM-u<\/span><\/p>\n<p><span style=\"color: #808080;\">\u010cetvrti termin fotografiranja: subota, 9. studenog 2013. od 16 do 20 h u TICM-u<\/span><\/p>\n<p><span style=\"color: #808080;\">Peti termin fotografiranja: subota, 14. prosinca 2013. od 15 do 19 h u TICM-u<\/span><\/p>\n<p><span style=\"color: #808080;\">\u0160esti termin fotografiranja: subota, 18. sije\u010dnja 2014. od 15 do 19 h u TICM-u<\/span><\/p>\n<p><span style=\"color: #808080;\">Sedmi termin fotografiranja: subota, 1. o\u017eujka 2014. od 15 do 19 h u\u00a0TICM-u<\/span><\/p>\n<p><span style=\"color: #808080;\">Osmi termin fotografiranja: subota, 12. travnja 2014. od 15 do 19 h u\u00a0TICM-u<\/span><\/p>\n<p><span style=\"color: #808080;\">Deveti\u00a0termin fotografiranja: subota, 17. svibnja\u00a02014. od 15 do 19 h u\u00a0TICM-u<\/span><\/p>\n<p><span style=\"color: #808080;\">Deseti\u00a0termin fotografiranja: subota, 5. srpnja\u00a02014. od 15 do 19 h u\u00a0TICM-u<\/span><\/p>\n<p><span style=\"color: #808080;\">Jedanaesti\u00a0termin fotografiranja: subota, 24. sije\u010dnja\u00a02015. od 15 do 19 h u\u00a0TICM-u<\/span><\/p>\n<p><strong style=\"color: #ff6600;\">Dvanaesti\u00a0termin fotografiranja: subota, 28. sije\u010dnja\u00a02015. od 16 do 20 h u\u00a0TICM-u<\/strong><\/p>\n<p><span style=\"color: #000000; line-height: 1.5em;\">&#8211; Napomene:<\/span><\/p>\n<p><span style=\"color: #000000;\">&#8211; primam max. do 40 prijava za ovaj termin<br \/>\n&#8211; fotografiram isklju\u010divo pojedina\u010dne portrete<br \/>\n&#8211; ako netko \u017eeli portret u paru ili obiteljski portret to mora najaviti jer se od sada napla\u0107uju (pojedina\u010dni portreti su i dalje besplatni). Cijena portreta parova i obitelji je 100 kn po jednoj fotografiji. Isplanirajte koliko fotografija \u017eelite (npr. 3 fotografije = 300 kn, 5 fotografija = 500 kn). Uplate se vr\u0161e na \u017eiro-ra\u010dun Fotokluba \u010cakovec (HR8023400091116033647), poziv na broj je datum, u napomenu se pi\u0161e: &#8220;Donacija za Fotoklub \u010cakovec&#8221;. Rok uplate je srijeda 25. o\u017eujka\u00a02015. Za uplatu \u0107e se na snimanju dobiti ra\u010dun. Uplate u gotovini na snimanju ne dolaze u obzir. Donacije \u0107e Fotoklub koristiti isklju\u010divo za opremanje fotostudija.\u00a0 <\/span><\/p>\n<p><a href=\"https:\/\/www.facebook.com\/photo.php?fbid=10203992205545574&amp;set=a.4940733236246.1073741826.1236141404&amp;type=1&amp;theater\"><span style=\"color: #000000;\">&#8211; link za prijavu;<\/span><\/a><\/p>\n<p><span style=\"color: #000000;\"> &#8211; oni koji su ve\u0107 sudjelovali u projektu ne mogu se vi\u0161e prijaviti za fotografiranje (hvala Vam na razumijevanju). <\/span><\/p>\n<p><span style=\"color: #ffffff;\">__<\/span><\/p>\n<p style=\"text-align: left;\"><b>Davor \u017derjav, autor; <\/b><b>Fotoklub \u010cakovec; <\/b><b>TICM<\/b><\/p>\n<p>Davor \u017derjav (fotograf) u organizaciji Fotokluba \u010cakovec i u suradnji s Tehnolo\u0161ko inovacijskim centrom Me\u0111imurje (TICM) organizira nekomercijalni umjetni\u010dki projekt radnog naziva \u201eLica\u201c. \u00a0 <b>PROVEDBA PROJEKTA<\/b><\/p>\n<p style=\"text-align: justify;\">Projekt se provodi u vi\u0161e etapa tijekom dvije godine (2013.\/2014.) u cilju izrade fotografskih portreta namijenjenih izlaganju na izlo\u017ebi portreta (planirano za 2014.\/2015.), te opcionalno sudjelovanju na fotografskim salonima i natje\u010dajima te eventualno izdavanje fotomonografije.<\/p>\n<p style=\"text-align: justify;\">Projekt se provodi u tri faze: fotografiranje, biranje i pripremanje fotografija za izlo\u017ebu te na kraju i organiziranje izlo\u017ebe isklju\u010divo u fotografskoj galeriji (banke, kafi\u0107i i sl. ne dolaze u obzir kao mjesto izlaganja).<\/p>\n<p style=\"text-align: justify;\">Cilj prve faze projekta je stvaranje ve\u0107eg broja fotografskih portreta koje moraju odobriti, tj. autorizirati:<\/p>\n<p style=\"text-align: justify;\">1.) sam autor fotografije (Davor \u017derjav) i<\/p>\n<p style=\"text-align: justify;\">2.) portretirana osoba (ili njezin roditelj\/staratelj ako se radi o maloljetnoj osobi).<\/p>\n<p><span style=\"color: #ff6600;\"><b>\u00a0<\/b><\/span><\/p>\n<h3><span style=\"color: #ff6600;\"><b>I. FAZA &#8211; FOTOGRAFIRANJE<\/b><\/span><\/h3>\n<p><span style=\"color: #ffffff;\">__<\/span> <b>AUTORSKI UGOVOR<\/b><\/p>\n<p style=\"text-align: justify;\">Pravni odnosi izme\u0111u autora i portretirane osobe reguliraju se pismenim putem pomo\u0107u prilo\u017eenog Ugovora koji supotpisuju autor i portretirana osoba, a slu\u017ebeno ovjerava Fotoklub \u010cakovec. Ugovorom se reguliraju autorska prava autora, pravo na javno izlaganje autorskih radova, pravo portretirane osobe da zbog eventualnog osobnog nezadovoljstva portretom autoru uskrati pravo na javno izlaganje i pokazivanje portreta.<\/p>\n<p style=\"text-align: justify;\">Kada portretirana osoba potpi\u0161e Ugovor (za vrijeme fotografiranja) potrebno je jo\u0161 samo e-po\u0161tom potvrditi ili odbaciti fotografiju koju \u0107e dobiti na uvid u roku od najvi\u0161e 15 dana od fotografiranja od samog autora.<\/p>\n<p style=\"text-align: justify;\">Maloljetnici se mogu portretirati jedino uz pristanak i pismeno odobrenje roditelja\/staratelja (koji mora potpisati Ugovor). Novoro\u0111en\u010dad i djeca do 1 godine \u017eivota ne mogu sudjelovati u projektu.<\/p>\n<p style=\"text-align: justify;\">Ako portretirana osoba (ili roditelj\/staratelj maloljetne osobe) potvrdi fotografiju, Ugovor stupa na snagu i portretirana osoba putem e-maila dobiva digitalni zapis fotografije u velikoj rezoluciji za eventualnu izradu (print) fotografije za album i sl., i drugu pogodnu za kori\u0161tenje na Internetu (s vodenim \u017eigom na njoj), a autor dobiva pravo na izlaganje fotografije kao autorskog rada i objavu putem medija (Internet, tiskovine). Autor jam\u010di da \u0107e fotografiju koristiti isklju\u010divo u umjetni\u010dke nekomercijalne svrhe.<\/p>\n<p style=\"text-align: justify;\">Ako portretirana osoba (ili roditelj\/staratelj maloljetne osobe) odbaci fotografiju, Ugovor se raskida, autor gubi pravo javnog izlaganja i objavljivanja fotografije, a portretirana osoba gubi pravo na digitalni zapis fotografije u punoj rezoluciji.<\/p>\n<p style=\"text-align: justify;\">Podaci koje portretirana osoba mora ispuniti u Ugovoru prilikom procesa fotografiranja su:<\/p>\n<p style=\"text-align: justify;\">&#8211; Ime i prezime (godina ro\u0111enja)<\/p>\n<p style=\"text-align: justify;\">&#8211;\u00a0Adresa<\/p>\n<p style=\"text-align: justify;\">&#8211;\u00a0E-mail<\/p>\n<p style=\"text-align: justify;\">&#8211; Kontakt telefon ili mobitel<\/p>\n<p style=\"text-align: justify;\"><b>AUTORSKI KONCEPT I IZRAZ<\/b><\/p>\n<p style=\"text-align: justify;\">Autor projekta ima svoj koncept rada i izraza i od njega ne odstupa na zahtjev portretirane osobe niti tre\u0107e osobe. Ugrubo: fotografije su isklju\u010divo u crno-bijeloj tehnici, formata 2 x 3, s \u010distom bijelom ili crnom pozadinom i portretiranom osobom u krupnom planu, isklju\u010divo en-face. Osvjetljenje koje \u0107e se koristiti je isklju\u010divo sustav bljeskalica (ne prirodno svjetlo). Autor shodno vlastitom ukusu i znanju ima pravo na sitne \u201ekozmeti\u010dke\u201c intervencije (retu\u0161iranje) originalnog digitalnog zapisa. Na jednoj fotografiji prikazuje se uvijek samo jedna osoba (lice). Izuzetak su manja djeca koja ne mogu samostalno sjediti na stolici koja se mogu fotografirati s jednim od roditelja. Za jednu osobu izra\u0111uje se samo jedan portret.<\/p>\n<p style=\"text-align: justify;\">Portretirana osoba ne mo\u017ee koristiti nikakav rekvizit za vrijeme portretiranja, ne mo\u017ee se fotografirati u slu\u017ebenoj uniformi (policija, vojska, zrakoplovstvo, po\u0161ta i sl.), ne mo\u017ee imati nikakva nacionalna, politi\u010dka niti navija\u010dka obilje\u017eja na sebi.<\/p>\n<p style=\"text-align: justify;\"><b>\u00a0<\/b><\/p>\n<p style=\"text-align: justify;\"><b>PREPORUKE ZA PORTRETIRANE OSOBE<\/b><\/p>\n<p style=\"text-align: justify;\">Autor ne preporu\u010da odijevanje u potpuno bijelu majicu ili ko\u0161ulju. Boja odje\u0107e nije va\u017ena i mo\u017ee biti crna. Autor preporu\u010da laganiju, decentnu \u0161minku \u017eenskim osobama (pogotovo sjenila, olovke i ru\u017e) te uobi\u010dajenu frizuru. Ne preporu\u010da se fotografiranje u sun\u010danim nao\u010dalama i kapi (osim ako portretirana osoba smatra da je to obilje\u017eje njezine osobnosti).<\/p>\n<p style=\"text-align: justify;\">Sam proces snimanja po portretu traje oko 10-15 minuta, ciklusi su u trajanju do 4 sata, dakle, u jednom ciklusu je mogu\u0107e fotografirati 16-25 portreta. Preporu\u010da se najava dolaska na snimanje kako bi se vremenski lak\u0161e isplaniralo snimanje i kako bi bilo \u0161to manje \u010dekanja. U slu\u010daju ve\u0107eg interesa snimanje \u0107e se vr\u0161iti subotom i nedjeljom prema dogovorenim terminima.<\/p>\n<h3 style=\"text-align: justify;\"><span style=\"color: #ffffff;\">__<\/span><\/h3>\n<h3 style=\"text-align: justify;\"><span style=\"color: #ff6600;\"><b>II. FAZA \u2013 BIRANJE FOTOGRAFIJA<\/b><\/span><\/h3>\n<p><span style=\"color: #ffffff;\">__<\/span><\/p>\n<p style=\"text-align: justify;\">Od nekoliko ura\u0111enih snimaka autor u dogovoru s portretiranom osobom na samom snimanju bira najbolju fotografiju (na prijenosnom ra\u010dunalu). Autor biranje mo\u017ee provesti i sam ako to portretirana osoba \u017eeli. U roku od 15 dana autor \u0107e na uvid poslati fotografiju portretiranoj osobi koja ima isto toliko vremena prihvatiti ili odbiti autorski rad putem e-po\u0161te. Fotografija koju potvrde autor i portretirana osoba (ili njezin roditelj ako se radi o maloljetnoj osobi) autorsko je djelo koje \u0107e slu\u017eiti isklju\u010divo u umjetni\u010dke, nekomercijalne svrhe.<\/p>\n<p style=\"text-align: justify;\"><span style=\"color: #ffffff;\">__<\/span><\/p>\n<h3 style=\"text-align: justify;\"><span style=\"color: #ff6600;\"><b>III. FAZA \u2013 PRIPREMA I POSTAV IZLO\u017dBE<\/b><\/span><\/h3>\n<p><span style=\"color: #ffffff;\">__<\/span><\/p>\n<p style=\"text-align: justify;\">Za pripremu i organizaciju izlo\u017ebe fotografija radnog naziva \u201eLica\u201c zadu\u017een je Fotoklub \u010cakovec koji \u0107e osigurati neovisnog i stru\u010dnog selektora izlo\u017ebe, pripremiti sav popratni materijal (predgovor, objave za medije, deplijan, plakate, pozivnice) te osigurati tehni\u010dke uvjete za provedbu izlo\u017ebe (okviri za fotografije, postav izlo\u017ebe, mjesto izlaganja). Izlo\u017eba se planira u 2014.\/2015. godini.<\/p>\n<p style=\"text-align: justify;\">Svi sudionici projekta \u201eLica\u201c bit \u0107e elektronskim putem obavje\u0161teni o organiziranju izlo\u017ebe na vrijeme. Svi \u0107e portreti biti uklju\u010deni u izlo\u017ebu u manjem formatu, a oni odabrani od strane selektora izlo\u017ebe bit \u0107e izlo\u017eeni u ve\u0107em formatu (40 x 60 cm). Fotografije s izlo\u017ebe nakon izlaganja pohranit \u0107e se u arhivi Fotokluba \u010cakovec.<\/p>\n<p><a href=\"http:\/\/fotoklub-cakovec.hr\/wp\/wp-content\/uploads\/2013\/05\/mapa_ticm_fkck.jpg\"><img decoding=\"async\" class=\"wp-image-4201 aligncenter colorbox-4033\" src=\"http:\/\/fotoklub-cakovec.hr\/wp\/wp-content\/uploads\/2013\/05\/mapa_ticm_fkck-1024x682.jpg\" alt=\"mapa_ticm_fkck\" width=\"614\" height=\"409\" srcset=\"https:\/\/fotoklub-cakovec.hr\/wp\/wp-content\/uploads\/2013\/05\/mapa_ticm_fkck-1024x682.jpg 1024w, https:\/\/fotoklub-cakovec.hr\/wp\/wp-content\/uploads\/2013\/05\/mapa_ticm_fkck-300x199.jpg 300w\" sizes=\"(max-width: 614px) 100vw, 614px\" \/><\/a> <a href=\"http:\/\/fotoklub-cakovec.hr\/wp\/wp-content\/uploads\/2013\/05\/mapa_centar_ticm.jpg\"><img decoding=\"async\" class=\"wp-image-4215 aligncenter colorbox-4033\" src=\"http:\/\/fotoklub-cakovec.hr\/wp\/wp-content\/uploads\/2013\/05\/mapa_centar_ticm-1024x682.jpg\" alt=\"mapa_centar_ticm\" width=\"614\" height=\"409\" srcset=\"https:\/\/fotoklub-cakovec.hr\/wp\/wp-content\/uploads\/2013\/05\/mapa_centar_ticm-1024x682.jpg 1024w, https:\/\/fotoklub-cakovec.hr\/wp\/wp-content\/uploads\/2013\/05\/mapa_centar_ticm-300x199.jpg 300w\" sizes=\"(max-width: 614px) 100vw, 614px\" \/><\/a><\/p>\n<h3 align=\"center\"><a href=\"http:\/\/fotoklub-cakovec.hr\/wp\/wp-content\/uploads\/2013\/05\/lica_promo1.jpg\"><img class=\"colorbox-4033\"  loading=\"lazy\" decoding=\"async\" src=\"http:\/\/fotoklub-cakovec.hr\/wp\/wp-content\/uploads\/2013\/05\/lica_promo1.jpg\" alt=\"lica_promo1\" width=\"540\" height=\"360\" \/><\/a><\/h3>\n","protected":false},"excerpt":{"rendered":"<p>\u00a0 Davor \u017derjav Lica &#8211; making of from pixino on Vimeo. _ Fotografski projekt: LICA Prvi termin fotografiranja: subota, 25. svibnja 2013., od 9 do 13 h u TICM-u Drugi termin fotografiranja: srijeda, 10. srpnja 2013., od 19 do 23 h u SOHO baru (Ljeto u gradu Zrinskih) Tre\u0107i termin fotografiranja: petak, 20. rujna 2013., [&hellip;]<\/p>\n","protected":false},"author":10,"featured_media":0,"parent":6,"menu_order":2,"comment_status":"open","ping_status":"closed","template":"","meta":{"footnotes":""},"yoast_head":"<!-- This site is optimized with the Yoast SEO plugin v22.1 - https:\/\/yoast.com\/wordpress\/plugins\/seo\/ -->\n<title>LICA - Davor \u017derjav - Fotoklub \u010cakovec<\/title>\n<meta name=\"robots\" content=\"index, follow, max-snippet:-1, max-image-preview:large, max-video-preview:-1\" \/>\n<link rel=\"canonical\" href=\"https:\/\/fotoklub-cakovec.hr\/wp\/projekti\/lica-davor-zerjav\" \/>\n<meta property=\"og:locale\" content=\"hr_HR\" \/>\n<meta property=\"og:type\" content=\"article\" \/>\n<meta property=\"og:title\" content=\"LICA - Davor \u017derjav - Fotoklub \u010cakovec\" \/>\n<meta property=\"og:description\" content=\"\u00a0 Davor \u017derjav Lica &#8211; making of from pixino on Vimeo. _ Fotografski projekt: LICA Prvi termin fotografiranja: subota, 25. svibnja 2013., od 9 do 13 h u TICM-u Drugi termin fotografiranja: srijeda, 10. srpnja 2013., od 19 do 23 h u SOHO baru (Ljeto u gradu Zrinskih) Tre\u0107i termin fotografiranja: petak, 20. rujna 2013., [&hellip;]\" \/>\n<meta property=\"og:url\" content=\"https:\/\/fotoklub-cakovec.hr\/wp\/projekti\/lica-davor-zerjav\" \/>\n<meta property=\"og:site_name\" content=\"Fotoklub \u010cakovec\" \/>\n<meta property=\"article:modified_time\" content=\"2017-02-11T15:23:50+00:00\" \/>\n<meta property=\"og:image\" content=\"http:\/\/fotoklub-cakovec.hr\/wp\/wp-content\/uploads\/2013\/05\/lica_prijave_za_snimanje_2015_03-1024x681.jpg\" \/>\n<meta name=\"twitter:card\" content=\"summary_large_image\" \/>\n<meta name=\"twitter:label1\" content=\"Procijenjeno vrijeme \u010ditanja\" \/>\n\t<meta name=\"twitter:data1\" content=\"6 minuta\" \/>\n<script type=\"application\/ld+json\" class=\"yoast-schema-graph\">{\"@context\":\"https:\/\/schema.org\",\"@graph\":[{\"@type\":\"WebPage\",\"@id\":\"https:\/\/fotoklub-cakovec.hr\/wp\/projekti\/lica-davor-zerjav\",\"url\":\"https:\/\/fotoklub-cakovec.hr\/wp\/projekti\/lica-davor-zerjav\",\"name\":\"LICA - Davor \u017derjav - Fotoklub \u010cakovec\",\"isPartOf\":{\"@id\":\"https:\/\/fotoklub-cakovec.hr\/wp\/#website\"},\"datePublished\":\"2013-05-17T15:05:39+00:00\",\"dateModified\":\"2017-02-11T15:23:50+00:00\",\"breadcrumb\":{\"@id\":\"https:\/\/fotoklub-cakovec.hr\/wp\/projekti\/lica-davor-zerjav#breadcrumb\"},\"inLanguage\":\"hr\",\"potentialAction\":[{\"@type\":\"ReadAction\",\"target\":[\"https:\/\/fotoklub-cakovec.hr\/wp\/projekti\/lica-davor-zerjav\"]}]},{\"@type\":\"BreadcrumbList\",\"@id\":\"https:\/\/fotoklub-cakovec.hr\/wp\/projekti\/lica-davor-zerjav#breadcrumb\",\"itemListElement\":[{\"@type\":\"ListItem\",\"position\":1,\"name\":\"Po\u010detna stranica\",\"item\":\"https:\/\/fotoklub-cakovec.hr\/wp\"},{\"@type\":\"ListItem\",\"position\":2,\"name\":\"Projekti\",\"item\":\"https:\/\/fotoklub-cakovec.hr\/wp\/projekti\"},{\"@type\":\"ListItem\",\"position\":3,\"name\":\"LICA &#8211; Davor \u017derjav\"}]},{\"@type\":\"WebSite\",\"@id\":\"https:\/\/fotoklub-cakovec.hr\/wp\/#website\",\"url\":\"https:\/\/fotoklub-cakovec.hr\/wp\/\",\"name\":\"Fotoklub \u010cakovec\",\"description\":\"Slu\u017ebene internet stranice fotokluba \u010cakovec\",\"potentialAction\":[{\"@type\":\"SearchAction\",\"target\":{\"@type\":\"EntryPoint\",\"urlTemplate\":\"https:\/\/fotoklub-cakovec.hr\/wp\/?s={search_term_string}\"},\"query-input\":\"required name=search_term_string\"}],\"inLanguage\":\"hr\"}]}<\/script>\n<!-- \/ Yoast SEO plugin. -->","yoast_head_json":{"title":"LICA - Davor \u017derjav - Fotoklub \u010cakovec","robots":{"index":"index","follow":"follow","max-snippet":"max-snippet:-1","max-image-preview":"max-image-preview:large","max-video-preview":"max-video-preview:-1"},"canonical":"https:\/\/fotoklub-cakovec.hr\/wp\/projekti\/lica-davor-zerjav","og_locale":"hr_HR","og_type":"article","og_title":"LICA - Davor \u017derjav - Fotoklub \u010cakovec","og_description":"\u00a0 Davor \u017derjav Lica &#8211; making of from pixino on Vimeo. _ Fotografski projekt: LICA Prvi termin fotografiranja: subota, 25. svibnja 2013., od 9 do 13 h u TICM-u Drugi termin fotografiranja: srijeda, 10. srpnja 2013., od 19 do 23 h u SOHO baru (Ljeto u gradu Zrinskih) Tre\u0107i termin fotografiranja: petak, 20. rujna 2013., [&hellip;]","og_url":"https:\/\/fotoklub-cakovec.hr\/wp\/projekti\/lica-davor-zerjav","og_site_name":"Fotoklub \u010cakovec","article_modified_time":"2017-02-11T15:23:50+00:00","og_image":[{"url":"http:\/\/fotoklub-cakovec.hr\/wp\/wp-content\/uploads\/2013\/05\/lica_prijave_za_snimanje_2015_03-1024x681.jpg"}],"twitter_card":"summary_large_image","twitter_misc":{"Procijenjeno vrijeme \u010ditanja":"6 minuta"},"schema":{"@context":"https:\/\/schema.org","@graph":[{"@type":"WebPage","@id":"https:\/\/fotoklub-cakovec.hr\/wp\/projekti\/lica-davor-zerjav","url":"https:\/\/fotoklub-cakovec.hr\/wp\/projekti\/lica-davor-zerjav","name":"LICA - Davor \u017derjav - Fotoklub \u010cakovec","isPartOf":{"@id":"https:\/\/fotoklub-cakovec.hr\/wp\/#website"},"datePublished":"2013-05-17T15:05:39+00:00","dateModified":"2017-02-11T15:23:50+00:00","breadcrumb":{"@id":"https:\/\/fotoklub-cakovec.hr\/wp\/projekti\/lica-davor-zerjav#breadcrumb"},"inLanguage":"hr","potentialAction":[{"@type":"ReadAction","target":["https:\/\/fotoklub-cakovec.hr\/wp\/projekti\/lica-davor-zerjav"]}]},{"@type":"BreadcrumbList","@id":"https:\/\/fotoklub-cakovec.hr\/wp\/projekti\/lica-davor-zerjav#breadcrumb","itemListElement":[{"@type":"ListItem","position":1,"name":"Po\u010detna stranica","item":"https:\/\/fotoklub-cakovec.hr\/wp"},{"@type":"ListItem","position":2,"name":"Projekti","item":"https:\/\/fotoklub-cakovec.hr\/wp\/projekti"},{"@type":"ListItem","position":3,"name":"LICA &#8211; Davor \u017derjav"}]},{"@type":"WebSite","@id":"https:\/\/fotoklub-cakovec.hr\/wp\/#website","url":"https:\/\/fotoklub-cakovec.hr\/wp\/","name":"Fotoklub \u010cakovec","description":"Slu\u017ebene internet stranice fotokluba \u010cakovec","potentialAction":[{"@type":"SearchAction","target":{"@type":"EntryPoint","urlTemplate":"https:\/\/fotoklub-cakovec.hr\/wp\/?s={search_term_string}"},"query-input":"required name=search_term_string"}],"inLanguage":"hr"}]}},"_links":{"self":[{"href":"https:\/\/fotoklub-cakovec.hr\/wp\/wp-json\/wp\/v2\/pages\/4033"}],"collection":[{"href":"https:\/\/fotoklub-cakovec.hr\/wp\/wp-json\/wp\/v2\/pages"}],"about":[{"href":"https:\/\/fotoklub-cakovec.hr\/wp\/wp-json\/wp\/v2\/types\/page"}],"author":[{"embeddable":true,"href":"https:\/\/fotoklub-cakovec.hr\/wp\/wp-json\/wp\/v2\/users\/10"}],"replies":[{"embeddable":true,"href":"https:\/\/fotoklub-cakovec.hr\/wp\/wp-json\/wp\/v2\/comments?post=4033"}],"version-history":[{"count":11,"href":"https:\/\/fotoklub-cakovec.hr\/wp\/wp-json\/wp\/v2\/pages\/4033\/revisions"}],"predecessor-version":[{"id":5848,"href":"https:\/\/fotoklub-cakovec.hr\/wp\/wp-json\/wp\/v2\/pages\/4033\/revisions\/5848"}],"up":[{"embeddable":true,"href":"https:\/\/fotoklub-cakovec.hr\/wp\/wp-json\/wp\/v2\/pages\/6"}],"wp:attachment":[{"href":"https:\/\/fotoklub-cakovec.hr\/wp\/wp-json\/wp\/v2\/media?parent=4033"}],"curies":[{"name":"wp","href":"https:\/\/api.w.org\/{rel}","templated":true}]}}