{"id":2104,"date":"2012-04-21T13:08:46","date_gmt":"2012-04-21T12:08:46","guid":{"rendered":"http:\/\/fotoklub-cakovec.hr\/wp\/?page_id=2104"},"modified":"2017-02-11T19:04:07","modified_gmt":"2017-02-11T18:04:07","slug":"kolumna","status":"publish","type":"page","link":"https:\/\/fotoklub-cakovec.hr\/wp\/educirajte-se\/kolumna","title":{"rendered":"Kolumna"},"content":{"rendered":"<p><a href=\"http:\/\/fotoklub-cakovec.hr\/wp\/wp-content\/uploads\/2012\/02\/logo_kolumna.jpg\"><img decoding=\"async\" class=\"wp-image-1655 size-full alignright colorbox-2104\" title=\"logo_kolumna\" src=\"http:\/\/fotoklub-cakovec.hr\/wp\/wp-content\/uploads\/2012\/02\/logo_kolumna.jpg\" width=\"120\" height=\"120\" \/><\/a><\/p>\n<p style=\"text-align: left;\">Pi\u0161e: <a href=\"http:\/\/davorzerjav.from.hr\/\">Davor \u017derjav<\/a><\/p>\n<p style=\"text-align: left;\"><strong>Pro\u010ditajte \u010dlanke:<\/strong><\/p>\n<p style=\"text-align: left;\"><a href=\"http:\/\/fotoklub-cakovec.hr\/wp\/2011\/12\/interpretacija-fotografije\">Interpretacija fotografije<\/a><\/p>\n<p style=\"text-align: left;\"><a href=\"http:\/\/fotoklub-cakovec.hr\/wp\/2012\/01\/geometricnost-fotografije\">Geometri\u010dnost fotografije 1.<\/a><\/p>\n<p style=\"text-align: left;\"><a href=\"http:\/\/fotoklub-cakovec.hr\/wp\/2012\/02\/geometricnost-fotografije-ii\">Geometri\u010dnost fotografije 2.<\/a><\/p>\n<p style=\"text-align: left;\"><a href=\"http:\/\/fotoklub-cakovec.hr\/wp\/2012\/03\/geometricnost-fotografije-iii\">Geometri\u010dnost fotografije 3.<\/a><\/p>\n<p style=\"text-align: left;\"><a href=\"http:\/\/fotoklub-cakovec.hr\/wp\/2017\/01\/nadarenost-i-kreativnost\">Nadarenost i kreativnost<\/a><\/p>\n<p style=\"text-align: left;\"><a href=\"http:\/\/fotoklub-cakovec.hr\/wp\/2017\/01\/stil-zivota-utjece-na-kreativnost\">Stil \u017eivota utje\u010de na kreativnost<\/a><\/p>\n<p style=\"text-align: left;\"><a href=\"http:\/\/fotoklub-cakovec.hr\/wp\/2017\/01\/rad-rad-i-samo-rad-o-disciplini-u-kreativnosti\">Rad, rad i samo rad (o disciplini u kreativnosti)<\/a><\/p>\n<p style=\"text-align: left;\"><a href=\"http:\/\/fotoklub-cakovec.hr\/wp\/2017\/01\/zasto-je-vizualna-kultura-u-fotografiji-vaznija-od-tehnicke\">Za\u0161to je vizualna kultura u fotografiji va\u017enija od tehni\u010dke?<\/a><\/p>\n<p style=\"text-align: left;\"><a href=\"http:\/\/fotoklub-cakovec.hr\/wp\/2017\/02\/masta-i-sloboda\">Ma\u0161ta i sloboda<\/a><\/p>\n","protected":false},"excerpt":{"rendered":"<p>Pi\u0161e: Davor \u017derjav Pro\u010ditajte \u010dlanke: Interpretacija fotografije Geometri\u010dnost fotografije 1. Geometri\u010dnost fotografije 2. Geometri\u010dnost fotografije 3. Nadarenost i kreativnost Stil \u017eivota utje\u010de na kreativnost Rad, rad i samo rad (o disciplini u kreativnosti) Za\u0161to je vizualna kultura u fotografiji va\u017enija od tehni\u010dke? Ma\u0161ta i sloboda<\/p>\n","protected":false},"author":10,"featured_media":0,"parent":6545,"menu_order":3,"comment_status":"open","ping_status":"open","template":"","meta":{"footnotes":""},"yoast_head":"<!-- This site is optimized with the Yoast SEO plugin v22.1 - https:\/\/yoast.com\/wordpress\/plugins\/seo\/ -->\n<title>Kolumna - Fotoklub \u010cakovec<\/title>\n<meta name=\"robots\" content=\"index, follow, max-snippet:-1, max-image-preview:large, max-video-preview:-1\" \/>\n<link rel=\"canonical\" href=\"https:\/\/fotoklub-cakovec.hr\/wp\/educirajte-se\/kolumna\" \/>\n<meta property=\"og:locale\" content=\"hr_HR\" \/>\n<meta property=\"og:type\" content=\"article\" \/>\n<meta property=\"og:title\" content=\"Kolumna - Fotoklub \u010cakovec\" \/>\n<meta property=\"og:description\" content=\"Pi\u0161e: Davor \u017derjav Pro\u010ditajte \u010dlanke: Interpretacija fotografije Geometri\u010dnost fotografije 1. Geometri\u010dnost fotografije 2. Geometri\u010dnost fotografije 3. Nadarenost i kreativnost Stil \u017eivota utje\u010de na kreativnost Rad, rad i samo rad (o disciplini u kreativnosti) Za\u0161to je vizualna kultura u fotografiji va\u017enija od tehni\u010dke? Ma\u0161ta i sloboda\" \/>\n<meta property=\"og:url\" content=\"https:\/\/fotoklub-cakovec.hr\/wp\/educirajte-se\/kolumna\" \/>\n<meta property=\"og:site_name\" content=\"Fotoklub \u010cakovec\" \/>\n<meta property=\"article:modified_time\" content=\"2017-02-11T18:04:07+00:00\" \/>\n<meta property=\"og:image\" content=\"http:\/\/fotoklub-cakovec.hr\/wp\/wp-content\/uploads\/2012\/02\/logo_kolumna.jpg\" \/>\n<meta name=\"twitter:card\" content=\"summary_large_image\" \/>\n<script type=\"application\/ld+json\" class=\"yoast-schema-graph\">{\"@context\":\"https:\/\/schema.org\",\"@graph\":[{\"@type\":\"WebPage\",\"@id\":\"https:\/\/fotoklub-cakovec.hr\/wp\/educirajte-se\/kolumna\",\"url\":\"https:\/\/fotoklub-cakovec.hr\/wp\/educirajte-se\/kolumna\",\"name\":\"Kolumna - Fotoklub \u010cakovec\",\"isPartOf\":{\"@id\":\"https:\/\/fotoklub-cakovec.hr\/wp\/#website\"},\"datePublished\":\"2012-04-21T12:08:46+00:00\",\"dateModified\":\"2017-02-11T18:04:07+00:00\",\"breadcrumb\":{\"@id\":\"https:\/\/fotoklub-cakovec.hr\/wp\/educirajte-se\/kolumna#breadcrumb\"},\"inLanguage\":\"hr\",\"potentialAction\":[{\"@type\":\"ReadAction\",\"target\":[\"https:\/\/fotoklub-cakovec.hr\/wp\/educirajte-se\/kolumna\"]}]},{\"@type\":\"BreadcrumbList\",\"@id\":\"https:\/\/fotoklub-cakovec.hr\/wp\/educirajte-se\/kolumna#breadcrumb\",\"itemListElement\":[{\"@type\":\"ListItem\",\"position\":1,\"name\":\"Po\u010detna stranica\",\"item\":\"https:\/\/fotoklub-cakovec.hr\/wp\"},{\"@type\":\"ListItem\",\"position\":2,\"name\":\"Educirajte se!\",\"item\":\"https:\/\/fotoklub-cakovec.hr\/wp\/educirajte-se\"},{\"@type\":\"ListItem\",\"position\":3,\"name\":\"Kolumna\"}]},{\"@type\":\"WebSite\",\"@id\":\"https:\/\/fotoklub-cakovec.hr\/wp\/#website\",\"url\":\"https:\/\/fotoklub-cakovec.hr\/wp\/\",\"name\":\"Fotoklub \u010cakovec\",\"description\":\"Slu\u017ebene internet stranice fotokluba \u010cakovec\",\"potentialAction\":[{\"@type\":\"SearchAction\",\"target\":{\"@type\":\"EntryPoint\",\"urlTemplate\":\"https:\/\/fotoklub-cakovec.hr\/wp\/?s={search_term_string}\"},\"query-input\":\"required name=search_term_string\"}],\"inLanguage\":\"hr\"}]}<\/script>\n<!-- \/ Yoast SEO plugin. -->","yoast_head_json":{"title":"Kolumna - Fotoklub \u010cakovec","robots":{"index":"index","follow":"follow","max-snippet":"max-snippet:-1","max-image-preview":"max-image-preview:large","max-video-preview":"max-video-preview:-1"},"canonical":"https:\/\/fotoklub-cakovec.hr\/wp\/educirajte-se\/kolumna","og_locale":"hr_HR","og_type":"article","og_title":"Kolumna - Fotoklub \u010cakovec","og_description":"Pi\u0161e: Davor \u017derjav Pro\u010ditajte \u010dlanke: Interpretacija fotografije Geometri\u010dnost fotografije 1. Geometri\u010dnost fotografije 2. Geometri\u010dnost fotografije 3. Nadarenost i kreativnost Stil \u017eivota utje\u010de na kreativnost Rad, rad i samo rad (o disciplini u kreativnosti) Za\u0161to je vizualna kultura u fotografiji va\u017enija od tehni\u010dke? Ma\u0161ta i sloboda","og_url":"https:\/\/fotoklub-cakovec.hr\/wp\/educirajte-se\/kolumna","og_site_name":"Fotoklub \u010cakovec","article_modified_time":"2017-02-11T18:04:07+00:00","og_image":[{"url":"http:\/\/fotoklub-cakovec.hr\/wp\/wp-content\/uploads\/2012\/02\/logo_kolumna.jpg"}],"twitter_card":"summary_large_image","schema":{"@context":"https:\/\/schema.org","@graph":[{"@type":"WebPage","@id":"https:\/\/fotoklub-cakovec.hr\/wp\/educirajte-se\/kolumna","url":"https:\/\/fotoklub-cakovec.hr\/wp\/educirajte-se\/kolumna","name":"Kolumna - Fotoklub \u010cakovec","isPartOf":{"@id":"https:\/\/fotoklub-cakovec.hr\/wp\/#website"},"datePublished":"2012-04-21T12:08:46+00:00","dateModified":"2017-02-11T18:04:07+00:00","breadcrumb":{"@id":"https:\/\/fotoklub-cakovec.hr\/wp\/educirajte-se\/kolumna#breadcrumb"},"inLanguage":"hr","potentialAction":[{"@type":"ReadAction","target":["https:\/\/fotoklub-cakovec.hr\/wp\/educirajte-se\/kolumna"]}]},{"@type":"BreadcrumbList","@id":"https:\/\/fotoklub-cakovec.hr\/wp\/educirajte-se\/kolumna#breadcrumb","itemListElement":[{"@type":"ListItem","position":1,"name":"Po\u010detna stranica","item":"https:\/\/fotoklub-cakovec.hr\/wp"},{"@type":"ListItem","position":2,"name":"Educirajte se!","item":"https:\/\/fotoklub-cakovec.hr\/wp\/educirajte-se"},{"@type":"ListItem","position":3,"name":"Kolumna"}]},{"@type":"WebSite","@id":"https:\/\/fotoklub-cakovec.hr\/wp\/#website","url":"https:\/\/fotoklub-cakovec.hr\/wp\/","name":"Fotoklub \u010cakovec","description":"Slu\u017ebene internet stranice fotokluba \u010cakovec","potentialAction":[{"@type":"SearchAction","target":{"@type":"EntryPoint","urlTemplate":"https:\/\/fotoklub-cakovec.hr\/wp\/?s={search_term_string}"},"query-input":"required name=search_term_string"}],"inLanguage":"hr"}]}},"_links":{"self":[{"href":"https:\/\/fotoklub-cakovec.hr\/wp\/wp-json\/wp\/v2\/pages\/2104"}],"collection":[{"href":"https:\/\/fotoklub-cakovec.hr\/wp\/wp-json\/wp\/v2\/pages"}],"about":[{"href":"https:\/\/fotoklub-cakovec.hr\/wp\/wp-json\/wp\/v2\/types\/page"}],"author":[{"embeddable":true,"href":"https:\/\/fotoklub-cakovec.hr\/wp\/wp-json\/wp\/v2\/users\/10"}],"replies":[{"embeddable":true,"href":"https:\/\/fotoklub-cakovec.hr\/wp\/wp-json\/wp\/v2\/comments?post=2104"}],"version-history":[{"count":11,"href":"https:\/\/fotoklub-cakovec.hr\/wp\/wp-json\/wp\/v2\/pages\/2104\/revisions"}],"predecessor-version":[{"id":2109,"href":"https:\/\/fotoklub-cakovec.hr\/wp\/wp-json\/wp\/v2\/pages\/2104\/revisions\/2109"}],"up":[{"embeddable":true,"href":"https:\/\/fotoklub-cakovec.hr\/wp\/wp-json\/wp\/v2\/pages\/6545"}],"wp:attachment":[{"href":"https:\/\/fotoklub-cakovec.hr\/wp\/wp-json\/wp\/v2\/media?parent=2104"}],"curies":[{"name":"wp","href":"https:\/\/api.w.org\/{rel}","templated":true}]}}